{"id":114,"date":"2022-06-21T06:08:55","date_gmt":"2022-06-21T06:08:55","guid":{"rendered":"http:\/\/nmultra2022.toten-troll.no\/?page_id=114"},"modified":"2022-07-05T21:51:25","modified_gmt":"2022-07-05T20:51:25","slug":"trening","status":"publish","type":"page","link":"http:\/\/nmultra2022.toten-troll.no\/?page_id=114","title":{"rendered":"Trening"},"content":{"rendered":"\n<p><strong>PM TRENING LAUPEN<\/strong><\/p>\n\n\n\n<p>Parkering <a rel=\"noreferrer noopener\" href=\"https:\/\/goo.gl\/maps\/x6pBBu67ao6gcwie6\" data-type=\"URL\" data-id=\"https:\/\/goo.gl\/maps\/x6pBBu67ao6gcwie6\" target=\"_blank\">ved m\u00e5l<\/a>.<br>Kommer en sydfra kj\u00f8rer inn H\u00f8versj\u00f8vegen fra Hurdal til Vester\u00e5s (bomvei), kj\u00f8r rett fram p\u00e5 \u00c5svegen ca 1 km til start\/m\u00e5l p\u00e5 kartet.<br>Kommer en fra Lena eller Skreia kj\u00f8rer en opp til Lindhom (langs Lensbygdavegen), tar \u00c5svegen s\u00f8rover, gjennom bommen og f\u00f8lger veien til en er ved Laupen.<\/p>\n\n\n\n<p>Kart: <a href=\"http:\/\/nmultra2022.toten-troll.no\/wp-content\/uploads\/2022\/07\/trening_nm_220705-scaled.jpg\" target=\"_blank\" rel=\"noreferrer noopener\">Kartet er relativt nytt. M\u00e5lestokk 1:12500<\/a>.<\/p>\n\n\n\n<p><strong>PM TRENING LANGSETRA<\/strong><\/p>\n\n\n\n<p>Parkering <a href=\"https:\/\/goo.gl\/maps\/x6pBBu67ao6gcwie6\" data-type=\"URL\" data-id=\"https:\/\/goo.gl\/maps\/x6pBBu67ao6gcwie6\" target=\"_blank\" rel=\"noreferrer noopener\">ved m\u00e5l<\/a>.<br>Kommer en sydfra kj\u00f8rer inn H\u00f8versj\u00f8vegen fra Hurdal til Vester\u00e5s (bomvei), ta til h\u00f8yre inn Langmyrvegen, deretter f\u00f8rste til h\u00f8yre forbi hyttefeltet Sisselrotkampen, da er en inne p\u00e5 kartet.<br>Kommer en fra Lena eller Skreia kj\u00f8rer en opp til \u00d8verskreia, tar Nygards\u00e6terlinna (merket til Rausteinshytta), svinger til venstre rett etter bommen og f\u00f8lger veien til en er p\u00e5 Langsetra.<\/p>\n\n\n\n<p>Kart: Kartet er ikke helt nytt, men det er lite som har skjedd i omr\u00e5det.<\/p>\n\n\n\n<figure class=\"wp-block-image size-full\"><a href=\"http:\/\/nmultra2022.toten-troll.no\/wp-content\/uploads\/2022\/06\/Trening-Langsetra.pdf\" target=\"_blank\" rel=\"noreferrer noopener\"><img loading=\"lazy\" decoding=\"async\" width=\"350\" height=\"102\" src=\"http:\/\/nmultra2022.toten-troll.no\/wp-content\/uploads\/2022\/06\/nmtrening.jpg\" alt=\"\" class=\"wp-image-116\" srcset=\"http:\/\/nmultra2022.toten-troll.no\/wp-content\/uploads\/2022\/06\/nmtrening.jpg 350w, http:\/\/nmultra2022.toten-troll.no\/wp-content\/uploads\/2022\/06\/nmtrening-300x87.jpg 300w\" sizes=\"(max-width: 350px) 100vw, 350px\" \/><\/a><\/figure>\n","protected":false},"excerpt":{"rendered":"<p>PM TRENING LAUPEN Parkering ved m\u00e5l.Kommer en sydfra kj\u00f8rer inn H\u00f8versj\u00f8vegen fra Hurdal til Vester\u00e5s (bomvei), kj\u00f8r rett fram p\u00e5 \u00c5svegen ca 1 km til start\/m\u00e5l p\u00e5 kartet.Kommer en fra Lena eller Skreia kj\u00f8rer en opp til Lindhom (langs Lensbygdavegen), tar \u00c5svegen s\u00f8rover, gjennom bommen og f\u00f8lger veien til en er ved Laupen. Kart: Kartet &hellip; <\/p>\n<p><a class=\"more-link btn\" href=\"http:\/\/nmultra2022.toten-troll.no\/?page_id=114\">Fortsett \u00e5 lese<\/a><\/p>\n","protected":false},"author":1,"featured_media":146,"parent":0,"menu_order":0,"comment_status":"closed","ping_status":"closed","template":"","meta":{"footnotes":""},"_links":{"self":[{"href":"http:\/\/nmultra2022.toten-troll.no\/index.php?rest_route=\/wp\/v2\/pages\/114"}],"collection":[{"href":"http:\/\/nmultra2022.toten-troll.no\/index.php?rest_route=\/wp\/v2\/pages"}],"about":[{"href":"http:\/\/nmultra2022.toten-troll.no\/index.php?rest_route=\/wp\/v2\/types\/page"}],"author":[{"embeddable":true,"href":"http:\/\/nmultra2022.toten-troll.no\/index.php?rest_route=\/wp\/v2\/users\/1"}],"replies":[{"embeddable":true,"href":"http:\/\/nmultra2022.toten-troll.no\/index.php?rest_route=%2Fwp%2Fv2%2Fcomments&post=114"}],"version-history":[{"count":3,"href":"http:\/\/nmultra2022.toten-troll.no\/index.php?rest_route=\/wp\/v2\/pages\/114\/revisions"}],"predecessor-version":[{"id":150,"href":"http:\/\/nmultra2022.toten-troll.no\/index.php?rest_route=\/wp\/v2\/pages\/114\/revisions\/150"}],"wp:featuredmedia":[{"embeddable":true,"href":"http:\/\/nmultra2022.toten-troll.no\/index.php?rest_route=\/wp\/v2\/media\/146"}],"wp:attachment":[{"href":"http:\/\/nmultra2022.toten-troll.no\/index.php?rest_route=%2Fwp%2Fv2%2Fmedia&parent=114"}],"curies":[{"name":"wp","href":"https:\/\/api.w.org\/{rel}","templated":true}]}}