{"id":99,"date":"2022-06-20T21:31:04","date_gmt":"2022-06-20T21:31:04","guid":{"rendered":"http:\/\/nmultra2022.toten-troll.no\/?page_id=99"},"modified":"2022-06-21T06:33:13","modified_gmt":"2022-06-21T06:33:13","slug":"innbydelse","status":"publish","type":"page","link":"http:\/\/nmultra2022.toten-troll.no\/?page_id=99","title":{"rendered":"Innbydelse"},"content":{"rendered":"\n<p><a href=\"http:\/\/nmultra2022.toten-troll.no\/wp-content\/uploads\/2022\/06\/Innbydelse.pdf\" data-type=\"URL\" data-id=\"http:\/\/nmultra2022.toten-troll.no\/wp-content\/uploads\/2022\/06\/Innbydelse.pdf\" target=\"_blank\" rel=\"noreferrer noopener\">Innbydelse i pdf-format<\/a>.<\/p>\n\n\n\n<figure class=\"wp-block-image size-full\"><img loading=\"lazy\" decoding=\"async\" width=\"928\" height=\"674\" src=\"http:\/\/nmultra2022.toten-troll.no\/wp-content\/uploads\/2022\/06\/innb_forside.jpg\" alt=\"\" class=\"wp-image-102\" srcset=\"http:\/\/nmultra2022.toten-troll.no\/wp-content\/uploads\/2022\/06\/innb_forside.jpg 928w, http:\/\/nmultra2022.toten-troll.no\/wp-content\/uploads\/2022\/06\/innb_forside-300x218.jpg 300w, http:\/\/nmultra2022.toten-troll.no\/wp-content\/uploads\/2022\/06\/innb_forside-768x558.jpg 768w, http:\/\/nmultra2022.toten-troll.no\/wp-content\/uploads\/2022\/06\/innb_forside-903x656.jpg 903w\" sizes=\"(max-width: 928px) 100vw, 928px\" \/><\/figure>\n\n\n\n<p class=\"has-small-font-size\"><\/p>\n\n\n\n<figure class=\"wp-block-image size-full\"><img loading=\"lazy\" decoding=\"async\" width=\"959\" height=\"681\" src=\"http:\/\/nmultra2022.toten-troll.no\/wp-content\/uploads\/2022\/06\/NC.jpg\" alt=\"\" class=\"wp-image-104\" srcset=\"http:\/\/nmultra2022.toten-troll.no\/wp-content\/uploads\/2022\/06\/NC.jpg 959w, http:\/\/nmultra2022.toten-troll.no\/wp-content\/uploads\/2022\/06\/NC-300x213.jpg 300w, http:\/\/nmultra2022.toten-troll.no\/wp-content\/uploads\/2022\/06\/NC-768x545.jpg 768w, http:\/\/nmultra2022.toten-troll.no\/wp-content\/uploads\/2022\/06\/NC-903x641.jpg 903w\" sizes=\"(max-width: 959px) 100vw, 959px\" \/><\/figure>\n\n\n\n<figure class=\"wp-block-image size-full\"><img loading=\"lazy\" decoding=\"async\" width=\"952\" height=\"710\" src=\"http:\/\/nmultra2022.toten-troll.no\/wp-content\/uploads\/2022\/06\/NMUltra.jpg\" alt=\"\" class=\"wp-image-105\" srcset=\"http:\/\/nmultra2022.toten-troll.no\/wp-content\/uploads\/2022\/06\/NMUltra.jpg 952w, http:\/\/nmultra2022.toten-troll.no\/wp-content\/uploads\/2022\/06\/NMUltra-300x224.jpg 300w, http:\/\/nmultra2022.toten-troll.no\/wp-content\/uploads\/2022\/06\/NMUltra-768x573.jpg 768w, http:\/\/nmultra2022.toten-troll.no\/wp-content\/uploads\/2022\/06\/NMUltra-903x673.jpg 903w\" sizes=\"(max-width: 952px) 100vw, 952px\" \/><\/figure>\n\n\n\n<figure class=\"wp-block-image size-full\"><img loading=\"lazy\" decoding=\"async\" width=\"957\" height=\"689\" src=\"http:\/\/nmultra2022.toten-troll.no\/wp-content\/uploads\/2022\/06\/ungdomsultra.jpg\" alt=\"\" class=\"wp-image-107\" srcset=\"http:\/\/nmultra2022.toten-troll.no\/wp-content\/uploads\/2022\/06\/ungdomsultra.jpg 957w, http:\/\/nmultra2022.toten-troll.no\/wp-content\/uploads\/2022\/06\/ungdomsultra-300x216.jpg 300w, http:\/\/nmultra2022.toten-troll.no\/wp-content\/uploads\/2022\/06\/ungdomsultra-768x553.jpg 768w, http:\/\/nmultra2022.toten-troll.no\/wp-content\/uploads\/2022\/06\/ungdomsultra-903x650.jpg 903w\" sizes=\"(max-width: 957px) 100vw, 957px\" \/><\/figure>\n\n\n\n<figure class=\"wp-block-image size-full\"><img loading=\"lazy\" decoding=\"async\" width=\"954\" height=\"696\" src=\"http:\/\/nmultra2022.toten-troll.no\/wp-content\/uploads\/2022\/06\/publ.jpg\" alt=\"\" class=\"wp-image-106\" srcset=\"http:\/\/nmultra2022.toten-troll.no\/wp-content\/uploads\/2022\/06\/publ.jpg 954w, http:\/\/nmultra2022.toten-troll.no\/wp-content\/uploads\/2022\/06\/publ-300x219.jpg 300w, http:\/\/nmultra2022.toten-troll.no\/wp-content\/uploads\/2022\/06\/publ-768x560.jpg 768w, http:\/\/nmultra2022.toten-troll.no\/wp-content\/uploads\/2022\/06\/publ-903x659.jpg 903w\" sizes=\"(max-width: 954px) 100vw, 954px\" \/><\/figure>\n\n\n\n<figure class=\"wp-block-image size-full\"><img loading=\"lazy\" decoding=\"async\" width=\"948\" height=\"523\" src=\"http:\/\/nmultra2022.toten-troll.no\/wp-content\/uploads\/2022\/06\/felles1.jpg\" alt=\"\" class=\"wp-image-108\" srcset=\"http:\/\/nmultra2022.toten-troll.no\/wp-content\/uploads\/2022\/06\/felles1.jpg 948w, http:\/\/nmultra2022.toten-troll.no\/wp-content\/uploads\/2022\/06\/felles1-300x166.jpg 300w, http:\/\/nmultra2022.toten-troll.no\/wp-content\/uploads\/2022\/06\/felles1-768x424.jpg 768w, http:\/\/nmultra2022.toten-troll.no\/wp-content\/uploads\/2022\/06\/felles1-903x498.jpg 903w\" sizes=\"(max-width: 948px) 100vw, 948px\" \/><\/figure>\n\n\n\n<figure class=\"wp-block-image size-full\"><a href=\"https:\/\/www.facebook.com\/NM-Ultralang-13-14-august-2022-107659295221111\" target=\"_blank\" rel=\"noreferrer noopener\"><img loading=\"lazy\" decoding=\"async\" width=\"953\" height=\"651\" src=\"http:\/\/nmultra2022.toten-troll.no\/wp-content\/uploads\/2022\/06\/felles2.jpg\" alt=\"\" class=\"wp-image-109\" srcset=\"http:\/\/nmultra2022.toten-troll.no\/wp-content\/uploads\/2022\/06\/felles2.jpg 953w, http:\/\/nmultra2022.toten-troll.no\/wp-content\/uploads\/2022\/06\/felles2-300x205.jpg 300w, http:\/\/nmultra2022.toten-troll.no\/wp-content\/uploads\/2022\/06\/felles2-768x525.jpg 768w, http:\/\/nmultra2022.toten-troll.no\/wp-content\/uploads\/2022\/06\/felles2-903x617.jpg 903w\" sizes=\"(max-width: 953px) 100vw, 953px\" \/><\/a><\/figure>\n\n\n\n<p>P\u00e5melding Eventor <a href=\"https:\/\/eventor.orientering.no\/Events\/Show\/11849\" data-type=\"URL\" data-id=\"https:\/\/eventor.orientering.no\/Events\/Show\/11849\" target=\"_blank\" rel=\"noreferrer noopener\">Norgescup l\u00f8rdag<\/a> og <a href=\"https:\/\/eventor.orientering.no\/Events\/Show\/11850\" data-type=\"URL\" data-id=\"https:\/\/eventor.orientering.no\/Events\/Show\/11850\" target=\"_blank\" rel=\"noreferrer noopener\">NM ultralang s\u00f8ndag<\/a>.<\/p>\n","protected":false},"excerpt":{"rendered":"<p>Innbydelse i pdf-format. P\u00e5melding Eventor Norgescup l\u00f8rdag og NM ultralang s\u00f8ndag.<\/p>\n","protected":false},"author":1,"featured_media":0,"parent":0,"menu_order":0,"comment_status":"closed","ping_status":"closed","template":"","meta":{"footnotes":""},"_links":{"self":[{"href":"http:\/\/nmultra2022.toten-troll.no\/index.php?rest_route=\/wp\/v2\/pages\/99"}],"collection":[{"href":"http:\/\/nmultra2022.toten-troll.no\/index.php?rest_route=\/wp\/v2\/pages"}],"about":[{"href":"http:\/\/nmultra2022.toten-troll.no\/index.php?rest_route=\/wp\/v2\/types\/page"}],"author":[{"embeddable":true,"href":"http:\/\/nmultra2022.toten-troll.no\/index.php?rest_route=\/wp\/v2\/users\/1"}],"replies":[{"embeddable":true,"href":"http:\/\/nmultra2022.toten-troll.no\/index.php?rest_route=%2Fwp%2Fv2%2Fcomments&post=99"}],"version-history":[{"count":5,"href":"http:\/\/nmultra2022.toten-troll.no\/index.php?rest_route=\/wp\/v2\/pages\/99\/revisions"}],"predecessor-version":[{"id":129,"href":"http:\/\/nmultra2022.toten-troll.no\/index.php?rest_route=\/wp\/v2\/pages\/99\/revisions\/129"}],"wp:attachment":[{"href":"http:\/\/nmultra2022.toten-troll.no\/index.php?rest_route=%2Fwp%2Fv2%2Fmedia&parent=99"}],"curies":[{"name":"wp","href":"https:\/\/api.w.org\/{rel}","templated":true}]}}